{"id":4400,"date":"2021-10-12T15:51:09","date_gmt":"2021-10-12T15:51:09","guid":{"rendered":"http:\/\/dummy.xtemos.com\/woodmart2\/elementor\/?page_id=4400"},"modified":"2025-05-27T14:01:02","modified_gmt":"2025-05-27T14:01:02","slug":"about-us-3","status":"publish","type":"page","link":"https:\/\/apaydinteknikservis.com.tr\/index.php\/about-us-3\/","title":{"rendered":"Hakk\u0131m\u0131zda"},"content":{"rendered":"\t\t<div data-elementor-type=\"wp-page\" data-elementor-id=\"4400\" class=\"elementor elementor-4400\">\n\t\t\t\t<div class=\"wd-negative-gap elementor-element elementor-element-7c7c544 e-flex e-con-boxed e-con e-parent\" data-id=\"7c7c544\" data-element_type=\"container\">\n\t\t\t\t\t<div class=\"e-con-inner\">\n\t\t<div class=\"elementor-element elementor-element-e7cb5cd e-con-full e-flex e-con e-child\" data-id=\"e7cb5cd\" data-element_type=\"container\">\n\t\t\t\t<div class=\"elementor-element elementor-element-56aec39 elementor-widget elementor-widget-wd_image_or_svg\" data-id=\"56aec39\" data-element_type=\"widget\" data-widget_type=\"wd_image_or_svg.default\">\n\t\t\t\t<div class=\"elementor-widget-container\">\n\t\t\t\t\t\n\t\t<div class=\"wd-image text-left\">\n\t\t\t\t\t\t\t\t<img fetchpriority=\"high\" decoding=\"async\" width=\"580\" height=\"580\" src=\"https:\/\/apaydinteknikservis.com.tr\/wp-content\/uploads\/2025\/05\/Adsiz-tasarim-2025-05-27T164229.956.png\" class=\"attachment-full size-full\" alt=\"\" srcset=\"https:\/\/apaydinteknikservis.com.tr\/wp-content\/uploads\/2025\/05\/Adsiz-tasarim-2025-05-27T164229.956.png 580w, https:\/\/apaydinteknikservis.com.tr\/wp-content\/uploads\/2025\/05\/Adsiz-tasarim-2025-05-27T164229.956-300x300.png 300w, https:\/\/apaydinteknikservis.com.tr\/wp-content\/uploads\/2025\/05\/Adsiz-tasarim-2025-05-27T164229.956-150x150.png 150w, https:\/\/apaydinteknikservis.com.tr\/wp-content\/uploads\/2025\/05\/Adsiz-tasarim-2025-05-27T164229.956-430x430.png 430w\" sizes=\"(max-width: 580px) 100vw, 580px\" \/>\t\t\t\t\t<\/div>\n\n\t\t\t\t\t\t<\/div>\n\t\t\t\t<\/div>\n\t\t\t\t<\/div>\n\t\t<div class=\"elementor-element elementor-element-97d6084 e-con-full e-flex e-con e-child\" data-id=\"97d6084\" data-element_type=\"container\">\n\t\t\t\t<div class=\"elementor-element elementor-element-98d830b elementor-widget__width-initial wd-width-100 elementor-widget elementor-widget-wd_title\" data-id=\"98d830b\" data-element_type=\"widget\" data-widget_type=\"wd_title.default\">\n\t\t\t\t<div class=\"elementor-widget-container\">\n\t\t\t\t\t\t\t<div class=\"title-wrapper set-mb-s reset-last-child wd-title-color-primary wd-title-style-default wd-title-size-large text-left\">\n\n\t\t\t\n\t\t\t<div class=\"liner-continer\">\n\t\t\t\t<h4 class=\"woodmart-title-container title wd-fontsize-xxl\">Hakk\u0131m\u0131zda<\/h4> \n\t\t\t\t\t\t\t<\/div>\n\n\t\t\t\t\t<\/div>\n\t\t\t\t\t\t<\/div>\n\t\t\t\t<\/div>\n\t\t\t\t<div class=\"elementor-element elementor-element-66e47ad elementor-widget elementor-widget-wd_text_block\" data-id=\"66e47ad\" data-element_type=\"widget\" data-widget_type=\"wd_text_block.default\">\n\t\t\t\t<div class=\"elementor-widget-container\">\n\t\t\t\t\t\t\t<div class=\"wd-text-block reset-last-child text-left\">\n\t\t\t\n\t\t\t<p>Apayd\u0131n Teknik Servis olarak, m\u00fc\u015fteri memnuniyetini \u00f6n planda tutan bir anlay\u0131\u015f benimsiyoruz. Her bir m\u00fc\u015fterimiz bizim i\u00e7in \u00f6zeldir ve ya\u015fad\u0131\u011f\u0131 beyaz e\u015fya sorunlar\u0131n\u0131 \u00e7\u00f6zmek, onlar\u0131n g\u00fcvenini kazanmak en \u00f6nemli \u00f6nceli\u011fimizdir. \u0130\u015fte bu nedenle her tamir i\u015flemimize \u00f6zenle yakla\u015f\u0131r, kaliteli hizmet sunarak sizlere sorunsuz bir kullan\u0131m deneyimi vaat ederiz. Her bir m\u00fc\u015fterimizin memnuniyeti, bizim i\u00e7in ba\u015far\u0131 \u00f6l\u00e7\u00fcs\u00fcd\u00fcr. Bu nedenle her ge\u00e7en g\u00fcn kendimizi geli\u015ftiriyor, teknolojik yenilikleri takip ediyor ve m\u00fc\u015fteri beklentilerini en iyi \u015fekilde kar\u015f\u0131lamak ad\u0131na \u00e7aba sarf ediyoruz. Bizimle ileti\u015fime ge\u00e7erek, kaliteli ve g\u00fcvenilir beyaz e\u015fya tamir hizmetimizi deneyebilir, sorunsuz bir kullan\u0131m\u0131n tad\u0131n\u0131 \u00e7\u0131karabilirsiniz.T\u00fcm beyaz e\u015fya, kombi do\u011falgaz,tesisat,montaj i\u015flerinizi gerek kullan\u0131ma ba\u011fl\u0131 gerekse elektronik ve mekanik aksamlar\u0131n zamanla ar\u0131zalanmas\u0131 sonucunda cihazlarda \u00e7al\u0131\u015fmama ya da performansl\u0131 \u00e7al\u0131\u015fmama sorunlar\u0131 ya\u015fan\u0131r.<\/p>\n\t\t\t\t\t<\/div>\n\t\t\t\t\t\t<\/div>\n\t\t\t\t<\/div>\n\t\t\t\t<\/div>\n\t\t\t\t\t<\/div>\n\t\t\t\t<\/div>\n\t\t\t\t<\/div>\n\t\t","protected":false},"excerpt":{"rendered":"<p>Hakk\u0131m\u0131zda Apayd\u0131n Teknik Servis olarak, m\u00fc\u015fteri memnuniyetini \u00f6n planda tutan bir anlay\u0131\u015f benimsiyoruz. Her bir m\u00fc\u015fterimiz bizim i\u00e7in \u00f6zeldir ve<\/p>\n","protected":false},"author":1,"featured_media":0,"parent":0,"menu_order":0,"comment_status":"closed","ping_status":"closed","template":"","meta":{"footnotes":""},"class_list":["post-4400","page","type-page","status-publish","hentry"],"_links":{"self":[{"href":"https:\/\/apaydinteknikservis.com.tr\/index.php\/wp-json\/wp\/v2\/pages\/4400","targetHints":{"allow":["GET"]}}],"collection":[{"href":"https:\/\/apaydinteknikservis.com.tr\/index.php\/wp-json\/wp\/v2\/pages"}],"about":[{"href":"https:\/\/apaydinteknikservis.com.tr\/index.php\/wp-json\/wp\/v2\/types\/page"}],"author":[{"embeddable":true,"href":"https:\/\/apaydinteknikservis.com.tr\/index.php\/wp-json\/wp\/v2\/users\/1"}],"replies":[{"embeddable":true,"href":"https:\/\/apaydinteknikservis.com.tr\/index.php\/wp-json\/wp\/v2\/comments?post=4400"}],"version-history":[{"count":4,"href":"https:\/\/apaydinteknikservis.com.tr\/index.php\/wp-json\/wp\/v2\/pages\/4400\/revisions"}],"predecessor-version":[{"id":27096,"href":"https:\/\/apaydinteknikservis.com.tr\/index.php\/wp-json\/wp\/v2\/pages\/4400\/revisions\/27096"}],"wp:attachment":[{"href":"https:\/\/apaydinteknikservis.com.tr\/index.php\/wp-json\/wp\/v2\/media?parent=4400"}],"curies":[{"name":"wp","href":"https:\/\/api.w.org\/{rel}","templated":true}]}}