{"id":27150,"date":"2025-05-28T10:00:16","date_gmt":"2025-05-28T10:00:16","guid":{"rendered":"https:\/\/apaydinteknikservis.com.tr\/?page_id=27150"},"modified":"2025-06-23T21:27:18","modified_gmt":"2025-06-23T21:27:18","slug":"kombi-petek-temizligi","status":"publish","type":"page","link":"https:\/\/apaydinteknikservis.com.tr\/index.php\/kombi-petek-temizligi\/","title":{"rendered":"KOMB\u0130 PETEK TEM\u0130ZL\u0130\u011e\u0130"},"content":{"rendered":"\t\t<div data-elementor-type=\"wp-page\" data-elementor-id=\"27150\" class=\"elementor elementor-27150\">\n\t\t\t\t\t\t<section class=\"wd-negative-gap elementor-section elementor-top-section elementor-element elementor-element-12f1fd12 elementor-section-content-middle elementor-section-boxed elementor-section-height-default elementor-section-height-default\" data-id=\"12f1fd12\" data-element_type=\"section\">\n\t\t\t\t\t\t<div class=\"elementor-container elementor-column-gap-wide\">\n\t\t\t\t\t<div class=\"elementor-column elementor-col-50 elementor-top-column elementor-element elementor-element-3de0740\" data-id=\"3de0740\" data-element_type=\"column\">\n\t\t\t<div class=\"elementor-widget-wrap elementor-element-populated\">\n\t\t\t\t\t\t<div class=\"elementor-element elementor-element-1b5fccde elementor-widget elementor-widget-image\" data-id=\"1b5fccde\" data-element_type=\"widget\" data-widget_type=\"image.default\">\n\t\t\t\t<div class=\"elementor-widget-container\">\n\t\t\t\t\t\t\t\t\t\t\t\t\t\t\t<img decoding=\"async\" src=\"https:\/\/apaydinteknikservis.com.tr\/wp-content\/uploads\/elementor\/thumbs\/Adsiz-tasarim-6-r6gx388zq1ctetmiy8t9600n8u5ed589v3v05b6l9k.png\" title=\"Ads\u0131z tasar\u0131m (6)\" alt=\"Ads\u0131z tasar\u0131m (6)\" loading=\"lazy\" \/>\t\t\t\t\t\t\t\t\t\t\t\t\t\t\t<\/div>\n\t\t\t\t<\/div>\n\t\t\t\t\t<\/div>\n\t\t<\/div>\n\t\t\t\t<div class=\"elementor-column elementor-col-50 elementor-top-column elementor-element elementor-element-116709fa\" data-id=\"116709fa\" data-element_type=\"column\">\n\t\t\t<div class=\"elementor-widget-wrap elementor-element-populated\">\n\t\t\t\t\t\t<div class=\"elementor-element elementor-element-6e28af45 wd-width-100 elementor-widget elementor-widget-wd_title\" data-id=\"6e28af45\" data-element_type=\"widget\" data-widget_type=\"wd_title.default\">\n\t\t\t\t<div class=\"elementor-widget-container\">\n\t\t\t\t\t\t\t<div class=\"title-wrapper set-mb-s reset-last-child wd-title-color-default wd-title-style-default wd-title-size-default text-left\">\n\n\t\t\t\n\t\t\t<div class=\"liner-continer\">\n\t\t\t\t<h4 class=\"woodmart-title-container title wd-fontsize-l\">Kombi Petek Temizli\u011fi<\/h4> \n\t\t\t\t\t\t\t<\/div>\n\n\t\t\t\t\t\t\t<div class=\"title-after_title set-cont-mb-s reset-last-child wd-fontsize-xs\">\n\t\t\t\t\t<p>Kombi ve petek temizlemei\u015flemi, bu \u0131s\u0131tma cihazlar\u0131n\u0131n uzun y\u0131llar kullan\u0131lmas\u0131n\u0131n ard\u0131ndan ihtiya\u00e7 duyulan uygulamalardan biri. Yaz \u2013 k\u0131\u015f demeden \u00e7ok\u00e7a kullan\u0131labilen\u00a0kombi\u00a0ve peteklerin ilk g\u00fcnlerindeki gibi verimli \u00e7al\u0131\u015fmas\u0131 i\u00e7in periyodik olarak temizleme i\u015flemlerinin de ger\u00e7ekle\u015ftirilmesi gerekiyor. Aksi takdirde kombi ve pete\u011finizden eskisi gibi verim alamama ihtimaliniz oldu\u011fu gibi bu cihazlar\u0131n geri d\u00f6n\u00fclemez ar\u0131zalar ya\u015famas\u0131 da s\u00f6z konusu olabiliyor.\u00a0Petek ve kombi temizli\u011fi<strong>,\u00a0<\/strong>duruma g\u00f6re bireylerin kendi ba\u015f\u0131na ger\u00e7ekle\u015ftirebilece\u011fi bir i\u015flemken kimi zaman profesyonellerden de destek al\u0131nmas\u0131 gerekebiliyor. Petek temizli\u011fi i\u015flerinizde bize ula\u015fabilirsiniz.<\/p>\t\t\t\t<\/div>\n\t\t\t\t\t<\/div>\n\t\t\t\t\t\t<\/div>\n\t\t\t\t<\/div>\n\t\t\t\t\t<\/div>\n\t\t<\/div>\n\t\t\t\t\t<\/div>\n\t\t<\/section>\n\t\t\t\t<\/div>\n\t\t","protected":false},"excerpt":{"rendered":"<p>Kombi Petek Temizli\u011fi Kombi ve petek temizlemei\u015flemi, bu \u0131s\u0131tma cihazlar\u0131n\u0131n uzun y\u0131llar kullan\u0131lmas\u0131n\u0131n ard\u0131ndan ihtiya\u00e7 duyulan uygulamalardan biri. Yaz \u2013<\/p>\n","protected":false},"author":1,"featured_media":0,"parent":0,"menu_order":0,"comment_status":"closed","ping_status":"closed","template":"","meta":{"footnotes":""},"class_list":["post-27150","page","type-page","status-publish","hentry"],"_links":{"self":[{"href":"https:\/\/apaydinteknikservis.com.tr\/index.php\/wp-json\/wp\/v2\/pages\/27150","targetHints":{"allow":["GET"]}}],"collection":[{"href":"https:\/\/apaydinteknikservis.com.tr\/index.php\/wp-json\/wp\/v2\/pages"}],"about":[{"href":"https:\/\/apaydinteknikservis.com.tr\/index.php\/wp-json\/wp\/v2\/types\/page"}],"author":[{"embeddable":true,"href":"https:\/\/apaydinteknikservis.com.tr\/index.php\/wp-json\/wp\/v2\/users\/1"}],"replies":[{"embeddable":true,"href":"https:\/\/apaydinteknikservis.com.tr\/index.php\/wp-json\/wp\/v2\/comments?post=27150"}],"version-history":[{"count":8,"href":"https:\/\/apaydinteknikservis.com.tr\/index.php\/wp-json\/wp\/v2\/pages\/27150\/revisions"}],"predecessor-version":[{"id":27386,"href":"https:\/\/apaydinteknikservis.com.tr\/index.php\/wp-json\/wp\/v2\/pages\/27150\/revisions\/27386"}],"wp:attachment":[{"href":"https:\/\/apaydinteknikservis.com.tr\/index.php\/wp-json\/wp\/v2\/media?parent=27150"}],"curies":[{"name":"wp","href":"https:\/\/api.w.org\/{rel}","templated":true}]}}