{"id":27143,"date":"2025-05-28T09:41:49","date_gmt":"2025-05-28T09:41:49","guid":{"rendered":"https:\/\/apaydinteknikservis.com.tr\/?page_id=27143"},"modified":"2025-06-23T20:40:12","modified_gmt":"2025-06-23T20:40:12","slug":"kombi-tamiri-ve-bakimi","status":"publish","type":"page","link":"https:\/\/apaydinteknikservis.com.tr\/index.php\/kombi-tamiri-ve-bakimi\/","title":{"rendered":"KOMB\u0130 TAM\u0130R\u0130 VE BAKIMI"},"content":{"rendered":"\t\t<div data-elementor-type=\"wp-page\" data-elementor-id=\"27143\" class=\"elementor elementor-27143\">\n\t\t\t\t\t\t<section class=\"wd-negative-gap elementor-section elementor-top-section elementor-element elementor-element-3569fc23 elementor-section-content-middle elementor-section-boxed elementor-section-height-default elementor-section-height-default\" data-id=\"3569fc23\" data-element_type=\"section\">\n\t\t\t\t\t\t<div class=\"elementor-container elementor-column-gap-wide\">\n\t\t\t\t\t<div class=\"elementor-column elementor-col-50 elementor-top-column elementor-element elementor-element-7117e8c\" data-id=\"7117e8c\" data-element_type=\"column\">\n\t\t\t<div class=\"elementor-widget-wrap elementor-element-populated\">\n\t\t\t\t\t\t<div class=\"elementor-element elementor-element-5d9a39f0 elementor-widget elementor-widget-image\" data-id=\"5d9a39f0\" data-element_type=\"widget\" data-widget_type=\"image.default\">\n\t\t\t\t<div class=\"elementor-widget-container\">\n\t\t\t\t\t\t\t\t\t\t\t\t\t\t\t<img decoding=\"async\" src=\"https:\/\/apaydinteknikservis.com.tr\/wp-content\/uploads\/elementor\/thumbs\/Adsiz-tasarim-5-r6gwdidyq85dqwze4mlqfznm4awura4nzt9qfrbdig.png\" title=\"Ads\u0131z tasar\u0131m (5)\" alt=\"Ads\u0131z tasar\u0131m (5)\" loading=\"lazy\" \/>\t\t\t\t\t\t\t\t\t\t\t\t\t\t\t<\/div>\n\t\t\t\t<\/div>\n\t\t\t\t\t<\/div>\n\t\t<\/div>\n\t\t\t\t<div class=\"elementor-column elementor-col-50 elementor-top-column elementor-element elementor-element-11524373\" data-id=\"11524373\" data-element_type=\"column\">\n\t\t\t<div class=\"elementor-widget-wrap elementor-element-populated\">\n\t\t\t\t\t\t<div class=\"elementor-element elementor-element-2dfb52f7 wd-width-100 elementor-widget elementor-widget-wd_title\" data-id=\"2dfb52f7\" data-element_type=\"widget\" data-widget_type=\"wd_title.default\">\n\t\t\t\t<div class=\"elementor-widget-container\">\n\t\t\t\t\t\t\t<div class=\"title-wrapper set-mb-s reset-last-child wd-title-color-default wd-title-style-default wd-title-size-default text-left\">\n\n\t\t\t\n\t\t\t<div class=\"liner-continer\">\n\t\t\t\t<h4 class=\"woodmart-title-container title wd-fontsize-l\">KOMB\u0130 TAM\u0130R\u0130 VE BAKIMI<\/h4> \n\t\t\t\t\t\t\t<\/div>\n\n\t\t\t\t\t\t\t<div class=\"title-after_title set-cont-mb-s reset-last-child wd-fontsize-xs\">\n\t\t\t\t\t<p>Apayd\u0131n teknik Kombi bak\u0131m servisimiz Kombi cihazlar\u0131n\u0131z\u0131n sistemini m\u00fcmk\u00fcn olan en k\u0131sa s\u00fcrede \u00e7al\u0131\u015ft\u0131rmay\u0131 hedefliyoruz. Ankara genelinde bizi arad\u0131\u011f\u0131n\u0131z taktirde\u00a0 en k\u0131sa s\u00fcrede sorununuz\u00a0 giderilecektir. Apayd\u0131n teknik\u00a0 Kombi Servisi olarak kombi tamiri, kombi bak\u0131m\u0131 ve kombi servisi hizmetlerini uygun fiyata m\u00fc\u015fterilerimize sunabilmekteyiz.\u00a0<\/p>\t\t\t\t<\/div>\n\t\t\t\t\t<\/div>\n\t\t\t\t\t\t<\/div>\n\t\t\t\t<\/div>\n\t\t\t\t\t<\/div>\n\t\t<\/div>\n\t\t\t\t\t<\/div>\n\t\t<\/section>\n\t\t\t\t<\/div>\n\t\t","protected":false},"excerpt":{"rendered":"<p>KOMB\u0130 TAM\u0130R\u0130 VE BAKIMI Apayd\u0131n teknik Kombi bak\u0131m servisimiz Kombi cihazlar\u0131n\u0131z\u0131n sistemini m\u00fcmk\u00fcn olan en k\u0131sa s\u00fcrede \u00e7al\u0131\u015ft\u0131rmay\u0131 hedefliyoruz. Ankara<\/p>\n","protected":false},"author":1,"featured_media":0,"parent":0,"menu_order":0,"comment_status":"closed","ping_status":"closed","template":"","meta":{"footnotes":""},"class_list":["post-27143","page","type-page","status-publish","hentry"],"_links":{"self":[{"href":"https:\/\/apaydinteknikservis.com.tr\/index.php\/wp-json\/wp\/v2\/pages\/27143","targetHints":{"allow":["GET"]}}],"collection":[{"href":"https:\/\/apaydinteknikservis.com.tr\/index.php\/wp-json\/wp\/v2\/pages"}],"about":[{"href":"https:\/\/apaydinteknikservis.com.tr\/index.php\/wp-json\/wp\/v2\/types\/page"}],"author":[{"embeddable":true,"href":"https:\/\/apaydinteknikservis.com.tr\/index.php\/wp-json\/wp\/v2\/users\/1"}],"replies":[{"embeddable":true,"href":"https:\/\/apaydinteknikservis.com.tr\/index.php\/wp-json\/wp\/v2\/comments?post=27143"}],"version-history":[{"count":17,"href":"https:\/\/apaydinteknikservis.com.tr\/index.php\/wp-json\/wp\/v2\/pages\/27143\/revisions"}],"predecessor-version":[{"id":27370,"href":"https:\/\/apaydinteknikservis.com.tr\/index.php\/wp-json\/wp\/v2\/pages\/27143\/revisions\/27370"}],"wp:attachment":[{"href":"https:\/\/apaydinteknikservis.com.tr\/index.php\/wp-json\/wp\/v2\/media?parent=27143"}],"curies":[{"name":"wp","href":"https:\/\/api.w.org\/{rel}","templated":true}]}}