{"id":27136,"date":"2025-05-28T09:22:30","date_gmt":"2025-05-28T09:22:30","guid":{"rendered":"https:\/\/apaydinteknikservis.com.tr\/?page_id=27136"},"modified":"2025-06-23T20:55:26","modified_gmt":"2025-06-23T20:55:26","slug":"kombi-proje-ve-montaji","status":"publish","type":"page","link":"https:\/\/apaydinteknikservis.com.tr\/index.php\/kombi-proje-ve-montaji\/","title":{"rendered":"Kombi Proje Ve Montaj\u0131"},"content":{"rendered":"\t\t<div data-elementor-type=\"wp-page\" data-elementor-id=\"27136\" class=\"elementor elementor-27136\">\n\t\t\t\t\t\t<section class=\"wd-negative-gap elementor-section elementor-top-section elementor-element elementor-element-66565497 elementor-section-content-middle elementor-section-boxed elementor-section-height-default elementor-section-height-default\" data-id=\"66565497\" data-element_type=\"section\">\n\t\t\t\t\t\t<div class=\"elementor-container elementor-column-gap-wide\">\n\t\t\t\t\t<div class=\"elementor-column elementor-col-50 elementor-top-column elementor-element elementor-element-7276c9fa\" data-id=\"7276c9fa\" data-element_type=\"column\">\n\t\t\t<div class=\"elementor-widget-wrap elementor-element-populated\">\n\t\t\t\t\t\t<div class=\"elementor-element elementor-element-3469931b elementor-widget elementor-widget-image\" data-id=\"3469931b\" data-element_type=\"widget\" data-widget_type=\"image.default\">\n\t\t\t\t<div class=\"elementor-widget-container\">\n\t\t\t\t\t\t\t\t\t\t\t\t\t\t\t<img decoding=\"async\" src=\"https:\/\/apaydinteknikservis.com.tr\/wp-content\/uploads\/elementor\/thumbs\/Adsiz-tasarim-4-r6gv62aitwo93s3btuij6ycln522yxnbcrprvbqh48.png\" title=\"Ads\u0131z tasar\u0131m (4)\" alt=\"Ads\u0131z tasar\u0131m (4)\" loading=\"lazy\" \/>\t\t\t\t\t\t\t\t\t\t\t\t\t\t\t<\/div>\n\t\t\t\t<\/div>\n\t\t\t\t\t<\/div>\n\t\t<\/div>\n\t\t\t\t<div class=\"elementor-column elementor-col-50 elementor-top-column elementor-element elementor-element-7674e063\" data-id=\"7674e063\" data-element_type=\"column\">\n\t\t\t<div class=\"elementor-widget-wrap elementor-element-populated\">\n\t\t\t\t\t\t<div class=\"elementor-element elementor-element-73e6b99e wd-width-100 elementor-widget elementor-widget-wd_title\" data-id=\"73e6b99e\" data-element_type=\"widget\" data-widget_type=\"wd_title.default\">\n\t\t\t\t<div class=\"elementor-widget-container\">\n\t\t\t\t\t\t\t<div class=\"title-wrapper set-mb-s reset-last-child wd-title-color-default wd-title-style-default wd-title-size-default text-left\">\n\n\t\t\t\n\t\t\t<div class=\"liner-continer\">\n\t\t\t\t<h4 class=\"woodmart-title-container title wd-fontsize-l\">Kombi Proje Ve Montaj\u0131<\/h4> \n\t\t\t\t\t\t\t<\/div>\n\n\t\t\t\t\t\t\t<div class=\"title-after_title set-cont-mb-s reset-last-child wd-fontsize-xs\">\n\t\t\t\t\t<p>Do\u011falgaz tesisat\u0131nda ilk a\u015fama, proje a\u015famas\u0131d\u0131r. Do\u011falgaz tesisat\u0131n\u0131n yap\u0131laca\u011f\u0131 nokta ke\u015fif ekipleri taraf\u0131ndan incelendikten sonra m\u00fchendis taraf\u0131ndan do\u011falgaz projesi \u00e7izilir ve bu proje do\u011falgaz da\u011f\u0131t\u0131m \u015firketine yollan\u0131r. Do\u011falgaz tesisat\u0131 i\u00e7in \u00e7izilen do\u011falgaz projesinden \u015firket hem da\u011f\u0131t\u0131c\u0131 hem de denetleyici durumdad\u0131r. Kombi montaj\u0131, do\u011falgaz projesinde uygun g\u00f6r\u00fclen ve belirlenen duvara ask\u0131 ba\u011flant\u0131lar\u0131 ile ba\u011flanmaktad\u0131r. Kombi montaj\u0131 yap\u0131l\u0131rken kombi bacas\u0131 \u015fartnamelere g\u00f6re tak\u0131l\u0131r ve do\u011falgaz tesisat\u0131 yap\u0131ld\u0131ktan sonra kombi montaj\u0131nda bir sorun ile kar\u015f\u0131la\u015f\u0131lmamas\u0131 amac\u0131 ile tesisat gidi\u015f d\u00f6n\u00fc\u015f ba\u011flant\u0131lar\u0131 denetlenmektedir. Do\u011fal tesisat\u0131 kombi montaj\u0131 yap\u0131ld\u0131ktan sonra kaloriferlere su sa\u011flan\u0131r. Do\u011falgaz projesi sonras\u0131 yap\u0131lan kombi montaj\u0131nda kombi yo\u011fu\u015fmal\u0131 ise yo\u011fu\u015fma gideri olmal\u0131d\u0131r. Do\u011falgaz projesi \u00e7izildikten sonra t\u00fcm bu do\u011falgaz tesisat\u0131 i\u015flemleri yap\u0131l\u0131r ve kombi montaj\u0131 i\u015flemi ba\u015far\u0131l\u0131 bir \u015fekilde tamamlanm\u0131\u015f olur.<\/p>\t\t\t\t<\/div>\n\t\t\t\t\t<\/div>\n\t\t\t\t\t\t<\/div>\n\t\t\t\t<\/div>\n\t\t\t\t\t<\/div>\n\t\t<\/div>\n\t\t\t\t\t<\/div>\n\t\t<\/section>\n\t\t\t\t<\/div>\n\t\t","protected":false},"excerpt":{"rendered":"<p>Kombi Proje Ve Montaj\u0131 Do\u011falgaz tesisat\u0131nda ilk a\u015fama, proje a\u015famas\u0131d\u0131r. Do\u011falgaz tesisat\u0131n\u0131n yap\u0131laca\u011f\u0131 nokta ke\u015fif ekipleri taraf\u0131ndan incelendikten sonra m\u00fchendis<\/p>\n","protected":false},"author":1,"featured_media":0,"parent":0,"menu_order":0,"comment_status":"closed","ping_status":"closed","template":"","meta":{"footnotes":""},"class_list":["post-27136","page","type-page","status-publish","hentry"],"_links":{"self":[{"href":"https:\/\/apaydinteknikservis.com.tr\/index.php\/wp-json\/wp\/v2\/pages\/27136","targetHints":{"allow":["GET"]}}],"collection":[{"href":"https:\/\/apaydinteknikservis.com.tr\/index.php\/wp-json\/wp\/v2\/pages"}],"about":[{"href":"https:\/\/apaydinteknikservis.com.tr\/index.php\/wp-json\/wp\/v2\/types\/page"}],"author":[{"embeddable":true,"href":"https:\/\/apaydinteknikservis.com.tr\/index.php\/wp-json\/wp\/v2\/users\/1"}],"replies":[{"embeddable":true,"href":"https:\/\/apaydinteknikservis.com.tr\/index.php\/wp-json\/wp\/v2\/comments?post=27136"}],"version-history":[{"count":15,"href":"https:\/\/apaydinteknikservis.com.tr\/index.php\/wp-json\/wp\/v2\/pages\/27136\/revisions"}],"predecessor-version":[{"id":27377,"href":"https:\/\/apaydinteknikservis.com.tr\/index.php\/wp-json\/wp\/v2\/pages\/27136\/revisions\/27377"}],"wp:attachment":[{"href":"https:\/\/apaydinteknikservis.com.tr\/index.php\/wp-json\/wp\/v2\/media?parent=27136"}],"curies":[{"name":"wp","href":"https:\/\/api.w.org\/{rel}","templated":true}]}}