{"id":27129,"date":"2025-05-28T09:05:31","date_gmt":"2025-05-28T09:05:31","guid":{"rendered":"https:\/\/apaydinteknikservis.com.tr\/?page_id=27129"},"modified":"2025-06-23T21:00:46","modified_gmt":"2025-06-23T21:00:46","slug":"su-tesisati","status":"publish","type":"page","link":"https:\/\/apaydinteknikservis.com.tr\/index.php\/su-tesisati\/","title":{"rendered":"SU TES\u0130SATI"},"content":{"rendered":"\t\t<div data-elementor-type=\"wp-page\" data-elementor-id=\"27129\" class=\"elementor elementor-27129\">\n\t\t\t\t\t\t<section class=\"wd-negative-gap elementor-section elementor-top-section elementor-element elementor-element-314197a0 elementor-section-content-middle elementor-section-boxed elementor-section-height-default elementor-section-height-default\" data-id=\"314197a0\" data-element_type=\"section\">\n\t\t\t\t\t\t<div class=\"elementor-container elementor-column-gap-wide\">\n\t\t\t\t\t<div class=\"elementor-column elementor-col-50 elementor-top-column elementor-element elementor-element-77ef983d\" data-id=\"77ef983d\" data-element_type=\"column\">\n\t\t\t<div class=\"elementor-widget-wrap elementor-element-populated\">\n\t\t\t\t\t\t<div class=\"elementor-element elementor-element-5fb7ec8c elementor-widget elementor-widget-image\" data-id=\"5fb7ec8c\" data-element_type=\"widget\" data-widget_type=\"image.default\">\n\t\t\t\t<div class=\"elementor-widget-container\">\n\t\t\t\t\t\t\t\t\t\t\t\t\t\t\t<img decoding=\"async\" src=\"https:\/\/apaydinteknikservis.com.tr\/wp-content\/uploads\/elementor\/thumbs\/Adsiz-tasarim-3-r6gud11zq4xehe9ldape6a412o5x7idsp29u7ms9bc.png\" title=\"Ads\u0131z tasar\u0131m (3)\" alt=\"Ads\u0131z tasar\u0131m (3)\" loading=\"lazy\" \/>\t\t\t\t\t\t\t\t\t\t\t\t\t\t\t<\/div>\n\t\t\t\t<\/div>\n\t\t\t\t\t<\/div>\n\t\t<\/div>\n\t\t\t\t<div class=\"elementor-column elementor-col-50 elementor-top-column elementor-element elementor-element-7bb3a410\" data-id=\"7bb3a410\" data-element_type=\"column\">\n\t\t\t<div class=\"elementor-widget-wrap elementor-element-populated\">\n\t\t\t\t\t\t<div class=\"elementor-element elementor-element-21e7514e wd-width-100 elementor-widget elementor-widget-wd_title\" data-id=\"21e7514e\" data-element_type=\"widget\" data-widget_type=\"wd_title.default\">\n\t\t\t\t<div class=\"elementor-widget-container\">\n\t\t\t\t\t\t\t<div class=\"title-wrapper set-mb-s reset-last-child wd-title-color-default wd-title-style-default wd-title-size-default text-left\">\n\n\t\t\t\n\t\t\t<div class=\"liner-continer\">\n\t\t\t\t<h4 class=\"woodmart-title-container title wd-fontsize-l\">Su Tesisat\u0131<\/h4> \n\t\t\t\t\t\t\t<\/div>\n\n\t\t\t\t\t\t\t<div class=\"title-after_title set-cont-mb-s reset-last-child wd-fontsize-xs\">\n\t\t\t\t\t<p>Su tesisat\u0131, temiz suyun g\u00fcvenli bir \u015fekilde kullan\u0131c\u0131lara ula\u015ft\u0131r\u0131lmas\u0131 ve kullan\u0131lm\u0131\u015f suyun at\u0131k sistemleri arac\u0131l\u0131\u011f\u0131yla tahliye edilmesi s\u00fcrecini kapsar. Su tesisat\u0131 sistemleri, g\u00fcnl\u00fck hayat\u0131n s\u00fcrd\u00fcr\u00fclebilirli\u011fi a\u00e7\u0131s\u0131ndan kritik \u00f6neme sahiptir. Bu sistemler, binalar\u0131n ihtiya\u00e7 duydu\u011fu suyun bas\u0131n\u00e7l\u0131 bir \u015fekilde ta\u015f\u0131nmas\u0131n\u0131 sa\u011flar ve at\u0131k suyun \u00e7evreye zarar vermeden uzakla\u015ft\u0131r\u0131lmas\u0131n\u0131 temin eder.<\/p><p>Su tesisat\u0131, modern ya\u015fam\u0131n temel yap\u0131 ta\u015flar\u0131ndan biridir. Konutlardan sanayi tesislerine kadar geni\u015f bir kullan\u0131m alan\u0131 bulunan su tesisatlar\u0131, sa\u011fl\u0131\u011f\u0131m\u0131z\u0131 korur, ya\u015fam kalitemizi y\u00fckseltir ve \u00e7evreyi korur. Do\u011fru tasarlanm\u0131\u015f ve bak\u0131m\u0131 yap\u0131lm\u0131\u015f su tesisatlar\u0131, uzun vadede hem ekonomik hem de \u00e7evresel faydalar sa\u011flar. Su tesisat\u0131n\u0131n \u00f6nemi g\u00f6z \u00f6n\u00fcnde bulundurularak, bu sistemlerin d\u00fczenli olarak kontrol edilmesi ve bak\u0131mlar\u0131n\u0131n yap\u0131lmas\u0131, s\u00fcrd\u00fcr\u00fclebilir bir ya\u015fam i\u00e7in kritik \u00f6neme sahiptir.<\/p><p>Su tesisatlar\u0131 hakk\u0131nda daha fazla bilgi ve profesyonel hizmet almak i\u00e7in bizimle ileti\u015fime ge\u00e7ebilirsiniz. Su tesisat\u0131 konusunda uzman ekibimiz, ihtiya\u00e7lar\u0131n\u0131za en uygun \u00e7\u00f6z\u00fcmleri sunmak i\u00e7in her zaman haz\u0131rd\u0131r.<\/p>\t\t\t\t<\/div>\n\t\t\t\t\t<\/div>\n\t\t\t\t\t\t<\/div>\n\t\t\t\t<\/div>\n\t\t\t\t\t<\/div>\n\t\t<\/div>\n\t\t\t\t\t<\/div>\n\t\t<\/section>\n\t\t\t\t<\/div>\n\t\t","protected":false},"excerpt":{"rendered":"<p>Su Tesisat\u0131 Su tesisat\u0131, temiz suyun g\u00fcvenli bir \u015fekilde kullan\u0131c\u0131lara ula\u015ft\u0131r\u0131lmas\u0131 ve kullan\u0131lm\u0131\u015f suyun at\u0131k sistemleri arac\u0131l\u0131\u011f\u0131yla tahliye edilmesi s\u00fcrecini<\/p>\n","protected":false},"author":1,"featured_media":0,"parent":0,"menu_order":0,"comment_status":"closed","ping_status":"closed","template":"","meta":{"footnotes":""},"class_list":["post-27129","page","type-page","status-publish","hentry"],"_links":{"self":[{"href":"https:\/\/apaydinteknikservis.com.tr\/index.php\/wp-json\/wp\/v2\/pages\/27129","targetHints":{"allow":["GET"]}}],"collection":[{"href":"https:\/\/apaydinteknikservis.com.tr\/index.php\/wp-json\/wp\/v2\/pages"}],"about":[{"href":"https:\/\/apaydinteknikservis.com.tr\/index.php\/wp-json\/wp\/v2\/types\/page"}],"author":[{"embeddable":true,"href":"https:\/\/apaydinteknikservis.com.tr\/index.php\/wp-json\/wp\/v2\/users\/1"}],"replies":[{"embeddable":true,"href":"https:\/\/apaydinteknikservis.com.tr\/index.php\/wp-json\/wp\/v2\/comments?post=27129"}],"version-history":[{"count":11,"href":"https:\/\/apaydinteknikservis.com.tr\/index.php\/wp-json\/wp\/v2\/pages\/27129\/revisions"}],"predecessor-version":[{"id":27383,"href":"https:\/\/apaydinteknikservis.com.tr\/index.php\/wp-json\/wp\/v2\/pages\/27129\/revisions\/27383"}],"wp:attachment":[{"href":"https:\/\/apaydinteknikservis.com.tr\/index.php\/wp-json\/wp\/v2\/media?parent=27129"}],"curies":[{"name":"wp","href":"https:\/\/api.w.org\/{rel}","templated":true}]}}