{"id":27122,"date":"2025-05-28T08:58:07","date_gmt":"2025-05-28T08:58:07","guid":{"rendered":"https:\/\/apaydinteknikservis.com.tr\/?page_id=27122"},"modified":"2025-06-23T21:31:15","modified_gmt":"2025-06-23T21:31:15","slug":"dogalgaz-tesisati","status":"publish","type":"page","link":"https:\/\/apaydinteknikservis.com.tr\/index.php\/dogalgaz-tesisati\/","title":{"rendered":"DO\u011eALGAZ TES\u0130SATI"},"content":{"rendered":"\t\t<div data-elementor-type=\"wp-page\" data-elementor-id=\"27122\" class=\"elementor elementor-27122\">\n\t\t\t\t\t\t<section class=\"wd-negative-gap elementor-section elementor-top-section elementor-element elementor-element-1bf9af72 elementor-section-content-middle elementor-section-boxed elementor-section-height-default elementor-section-height-default\" data-id=\"1bf9af72\" data-element_type=\"section\">\n\t\t\t\t\t\t<div class=\"elementor-container elementor-column-gap-wide\">\n\t\t\t\t\t<div class=\"elementor-column elementor-col-50 elementor-top-column elementor-element elementor-element-771aef5c\" data-id=\"771aef5c\" data-element_type=\"column\">\n\t\t\t<div class=\"elementor-widget-wrap elementor-element-populated\">\n\t\t\t\t\t\t<div class=\"elementor-element elementor-element-59876cd0 elementor-widget elementor-widget-image\" data-id=\"59876cd0\" data-element_type=\"widget\" data-widget_type=\"image.default\">\n\t\t\t\t<div class=\"elementor-widget-container\">\n\t\t\t\t\t\t\t\t\t\t\t\t\t\t\t<img decoding=\"async\" src=\"https:\/\/apaydinteknikservis.com.tr\/wp-content\/uploads\/elementor\/thumbs\/Adsiz-tasarim-2-r6gu47cjk4uhh732whdhria8afnuxtcitdrq03vbqg.png\" title=\"Ads\u0131z tasar\u0131m (2)\" alt=\"Ads\u0131z tasar\u0131m (2)\" loading=\"lazy\" \/>\t\t\t\t\t\t\t\t\t\t\t\t\t\t\t<\/div>\n\t\t\t\t<\/div>\n\t\t\t\t\t<\/div>\n\t\t<\/div>\n\t\t\t\t<div class=\"elementor-column elementor-col-50 elementor-top-column elementor-element elementor-element-743b19cf\" data-id=\"743b19cf\" data-element_type=\"column\">\n\t\t\t<div class=\"elementor-widget-wrap elementor-element-populated\">\n\t\t\t\t\t\t<div class=\"elementor-element elementor-element-763738c1 wd-width-100 elementor-widget elementor-widget-wd_title\" data-id=\"763738c1\" data-element_type=\"widget\" data-widget_type=\"wd_title.default\">\n\t\t\t\t<div class=\"elementor-widget-container\">\n\t\t\t\t\t\t\t<div class=\"title-wrapper set-mb-s reset-last-child wd-title-color-default wd-title-style-default wd-title-size-default text-left\">\n\n\t\t\t\n\t\t\t<div class=\"liner-continer\">\n\t\t\t\t<h4 class=\"woodmart-title-container title wd-fontsize-l\">Do\u011falgaz Tesisat\u0131<\/h4> \n\t\t\t\t\t\t\t<\/div>\n\n\t\t\t\t\t\t\t<div class=\"title-after_title set-cont-mb-s reset-last-child wd-fontsize-xs\">\n\t\t\t\t\t<p>Uzun y\u0131llard\u0131r olduk\u00e7a fazla kullan\u0131lan do\u011falgaz, metan i\u00e7eren y\u00fcksek oranda yan\u0131c\u0131 bir hidrokarbon gaz\u0131d\u0131r. Yer kabu\u011funun derinliklerinde bulunur ve bas\u0131n\u00e7l\u0131 yataklarda \u00fcretilir. Do\u011falgaz\u0131 de\u011ferli hale getiren etkenler ise; d\u00fc\u015f\u00fck emisyon ile elde edilen y\u00fcksek yan\u0131c\u0131l\u0131k etkisidir.Do\u011falgazdan g\u00fcvenli bir \u015fekilde faydalanmak i\u00e7in mutlaka i\u015finde uzman ve tecr\u00fcbeli firmalar ile \u00e7al\u0131\u015fmal\u0131d\u0131r. D\u00f6\u015fenecek tesisat mutlaka projeye uygun olmal\u0131d\u0131r. Tesisat\u0131n t\u00fcm ayarlamalar\u0131 ve par\u00e7alar\u0131 eksizsiz \u015fekilde yap\u0131lmal\u0131d\u0131r. TS ve TS EN standartlar\u0131na uygun par\u00e7alar kullan\u0131lmal\u0131d\u0131r.\u00a0<\/p>\t\t\t\t<\/div>\n\t\t\t\t\t<\/div>\n\t\t\t\t\t\t<\/div>\n\t\t\t\t<\/div>\n\t\t\t\t\t<\/div>\n\t\t<\/div>\n\t\t\t\t\t<\/div>\n\t\t<\/section>\n\t\t\t\t<\/div>\n\t\t","protected":false},"excerpt":{"rendered":"<p>Do\u011falgaz Tesisat\u0131 Uzun y\u0131llard\u0131r olduk\u00e7a fazla kullan\u0131lan do\u011falgaz, metan i\u00e7eren y\u00fcksek oranda yan\u0131c\u0131 bir hidrokarbon gaz\u0131d\u0131r. Yer kabu\u011funun derinliklerinde bulunur<\/p>\n","protected":false},"author":1,"featured_media":0,"parent":0,"menu_order":0,"comment_status":"closed","ping_status":"closed","template":"","meta":{"footnotes":""},"class_list":["post-27122","page","type-page","status-publish","hentry"],"_links":{"self":[{"href":"https:\/\/apaydinteknikservis.com.tr\/index.php\/wp-json\/wp\/v2\/pages\/27122","targetHints":{"allow":["GET"]}}],"collection":[{"href":"https:\/\/apaydinteknikservis.com.tr\/index.php\/wp-json\/wp\/v2\/pages"}],"about":[{"href":"https:\/\/apaydinteknikservis.com.tr\/index.php\/wp-json\/wp\/v2\/types\/page"}],"author":[{"embeddable":true,"href":"https:\/\/apaydinteknikservis.com.tr\/index.php\/wp-json\/wp\/v2\/users\/1"}],"replies":[{"embeddable":true,"href":"https:\/\/apaydinteknikservis.com.tr\/index.php\/wp-json\/wp\/v2\/comments?post=27122"}],"version-history":[{"count":8,"href":"https:\/\/apaydinteknikservis.com.tr\/index.php\/wp-json\/wp\/v2\/pages\/27122\/revisions"}],"predecessor-version":[{"id":27389,"href":"https:\/\/apaydinteknikservis.com.tr\/index.php\/wp-json\/wp\/v2\/pages\/27122\/revisions\/27389"}],"wp:attachment":[{"href":"https:\/\/apaydinteknikservis.com.tr\/index.php\/wp-json\/wp\/v2\/media?parent=27122"}],"curies":[{"name":"wp","href":"https:\/\/api.w.org\/{rel}","templated":true}]}}