{"id":27115,"date":"2025-05-28T08:41:50","date_gmt":"2025-05-28T08:41:50","guid":{"rendered":"https:\/\/apaydinteknikservis.com.tr\/?page_id=27115"},"modified":"2025-06-23T20:59:03","modified_gmt":"2025-06-23T20:59:03","slug":"beyaz-esya-tamiri","status":"publish","type":"page","link":"https:\/\/apaydinteknikservis.com.tr\/index.php\/beyaz-esya-tamiri\/","title":{"rendered":"BEYAZ E\u015eYA TAM\u0130R\u0130"},"content":{"rendered":"\t\t<div data-elementor-type=\"wp-page\" data-elementor-id=\"27115\" class=\"elementor elementor-27115\">\n\t\t\t\t\t\t<section class=\"wd-negative-gap elementor-section elementor-top-section elementor-element elementor-element-610a218d elementor-section-content-middle elementor-section-boxed elementor-section-height-default elementor-section-height-default\" data-id=\"610a218d\" data-element_type=\"section\">\n\t\t\t\t\t\t<div class=\"elementor-container elementor-column-gap-wide\">\n\t\t\t\t\t<div class=\"elementor-column elementor-col-50 elementor-top-column elementor-element elementor-element-60b7c171\" data-id=\"60b7c171\" data-element_type=\"column\">\n\t\t\t<div class=\"elementor-widget-wrap elementor-element-populated\">\n\t\t\t\t\t\t<div class=\"elementor-element elementor-element-2503e708 elementor-widget elementor-widget-image\" data-id=\"2503e708\" data-element_type=\"widget\" data-widget_type=\"image.default\">\n\t\t\t\t<div class=\"elementor-widget-container\">\n\t\t\t\t\t\t\t\t\t\t\t\t\t\t\t<img decoding=\"async\" src=\"https:\/\/apaydinteknikservis.com.tr\/wp-content\/uploads\/elementor\/thumbs\/Adsiz-tasarim-1-r6gti29ekmjbzv8w6wtv13fcjoslmhg53sjz1gp6aw.png\" title=\"Ads\u0131z tasar\u0131m (1)\" alt=\"Ads\u0131z tasar\u0131m (1)\" loading=\"lazy\" \/>\t\t\t\t\t\t\t\t\t\t\t\t\t\t\t<\/div>\n\t\t\t\t<\/div>\n\t\t\t\t\t<\/div>\n\t\t<\/div>\n\t\t\t\t<div class=\"elementor-column elementor-col-50 elementor-top-column elementor-element elementor-element-46a57826\" data-id=\"46a57826\" data-element_type=\"column\">\n\t\t\t<div class=\"elementor-widget-wrap elementor-element-populated\">\n\t\t\t\t\t\t<div class=\"elementor-element elementor-element-5e2405b7 wd-width-100 elementor-widget elementor-widget-wd_title\" data-id=\"5e2405b7\" data-element_type=\"widget\" data-widget_type=\"wd_title.default\">\n\t\t\t\t<div class=\"elementor-widget-container\">\n\t\t\t\t\t\t\t<div class=\"title-wrapper set-mb-s reset-last-child wd-title-color-default wd-title-style-default wd-title-size-default text-left\">\n\n\t\t\t\n\t\t\t<div class=\"liner-continer\">\n\t\t\t\t<h4 class=\"woodmart-title-container title wd-fontsize-l\">BEYAZ E\u015eYA TAM\u0130R\u0130<\/h4> \n\t\t\t\t\t\t\t<\/div>\n\n\t\t\t\t\t\t\t<div class=\"title-after_title set-cont-mb-s reset-last-child wd-fontsize-xs\">\n\t\t\t\t\t<p>Apayd\u0131n Teknik olarak Sundu\u011fumuz hizmetlerde kalite ve g\u00fcveni \u00f6n planda tutuyoruz. Ar\u0131za tespiti, bak\u0131m ve onar\u0131m i\u015flemleri uzman ekibimiz taraf\u0131ndan titizlikle ger\u00e7ekle\u015ftirilir. M\u00fc\u015fteri memnuniyetine verdi\u011fimiz \u00f6nem sayesinde, her ge\u00e7en g\u00fcn daha fazla ki\u015fi ve kuruma hizmet vermeye devam ediyoruz. Buzdolab\u0131, \u00e7ama\u015f\u0131r makinesi, bula\u015f\u0131k makinesi, kombi ve klima gibi cihazlar\u0131n\u0131z\u0131n her t\u00fcrl\u00fc teknik sorununda h\u0131zl\u0131 m\u00fcdahalemizle yan\u0131n\u0131zday\u0131z. Orijinal yedek par\u00e7a kullan\u0131m\u0131 ve garantili onar\u0131m hizmetlerimizle cihazlar\u0131n\u0131z\u0131 uzun \u00f6m\u00fcrl\u00fc hale getiriyoruz.\u00a0 Ekonomik, kaliteli ve kal\u0131c\u0131 \u00e7\u00f6z\u00fcmler i\u00e7in bizi tercih edin.<\/p>\t\t\t\t<\/div>\n\t\t\t\t\t<\/div>\n\t\t\t\t\t\t<\/div>\n\t\t\t\t<\/div>\n\t\t\t\t\t<\/div>\n\t\t<\/div>\n\t\t\t\t\t<\/div>\n\t\t<\/section>\n\t\t<div class=\"wd-negative-gap elementor-element elementor-element-1c47bbe e-flex e-con-boxed e-con e-parent\" data-id=\"1c47bbe\" data-element_type=\"container\">\n\t\t\t\t\t<div class=\"e-con-inner\">\n\t\t\t\t\t<\/div>\n\t\t\t\t<\/div>\n\t\t\t\t<\/div>\n\t\t","protected":false},"excerpt":{"rendered":"<p>BEYAZ E\u015eYA TAM\u0130R\u0130 Apayd\u0131n Teknik olarak Sundu\u011fumuz hizmetlerde kalite ve g\u00fcveni \u00f6n planda tutuyoruz. Ar\u0131za tespiti, bak\u0131m ve onar\u0131m i\u015flemleri<\/p>\n","protected":false},"author":1,"featured_media":0,"parent":0,"menu_order":0,"comment_status":"closed","ping_status":"closed","template":"","meta":{"footnotes":""},"class_list":["post-27115","page","type-page","status-publish","hentry"],"_links":{"self":[{"href":"https:\/\/apaydinteknikservis.com.tr\/index.php\/wp-json\/wp\/v2\/pages\/27115","targetHints":{"allow":["GET"]}}],"collection":[{"href":"https:\/\/apaydinteknikservis.com.tr\/index.php\/wp-json\/wp\/v2\/pages"}],"about":[{"href":"https:\/\/apaydinteknikservis.com.tr\/index.php\/wp-json\/wp\/v2\/types\/page"}],"author":[{"embeddable":true,"href":"https:\/\/apaydinteknikservis.com.tr\/index.php\/wp-json\/wp\/v2\/users\/1"}],"replies":[{"embeddable":true,"href":"https:\/\/apaydinteknikservis.com.tr\/index.php\/wp-json\/wp\/v2\/comments?post=27115"}],"version-history":[{"count":17,"href":"https:\/\/apaydinteknikservis.com.tr\/index.php\/wp-json\/wp\/v2\/pages\/27115\/revisions"}],"predecessor-version":[{"id":27380,"href":"https:\/\/apaydinteknikservis.com.tr\/index.php\/wp-json\/wp\/v2\/pages\/27115\/revisions\/27380"}],"wp:attachment":[{"href":"https:\/\/apaydinteknikservis.com.tr\/index.php\/wp-json\/wp\/v2\/media?parent=27115"}],"curies":[{"name":"wp","href":"https:\/\/api.w.org\/{rel}","templated":true}]}}