{"id":27107,"date":"2025-05-27T14:39:18","date_gmt":"2025-05-27T14:39:18","guid":{"rendered":"https:\/\/apaydinteknikservis.com.tr\/?page_id=27107"},"modified":"2025-06-23T20:42:13","modified_gmt":"2025-06-23T20:42:13","slug":"sifir-ikinci-el-kombi-satisi","status":"publish","type":"page","link":"https:\/\/apaydinteknikservis.com.tr\/index.php\/sifir-ikinci-el-kombi-satisi\/","title":{"rendered":"SIFIR VE \u0130K\u0130NC\u0130 EL KOMB\u0130 SATI\u015eI"},"content":{"rendered":"\t\t<div data-elementor-type=\"wp-page\" data-elementor-id=\"27107\" class=\"elementor elementor-27107\">\n\t\t\t\t\t\t<section class=\"wd-negative-gap elementor-section elementor-top-section elementor-element elementor-element-1d69d10 elementor-section-content-middle elementor-section-boxed elementor-section-height-default elementor-section-height-default\" data-id=\"1d69d10\" data-element_type=\"section\">\n\t\t\t\t\t\t<div class=\"elementor-container elementor-column-gap-wide\">\n\t\t\t\t\t<div class=\"elementor-column elementor-col-50 elementor-top-column elementor-element elementor-element-1a4d6df9\" data-id=\"1a4d6df9\" data-element_type=\"column\">\n\t\t\t<div class=\"elementor-widget-wrap elementor-element-populated\">\n\t\t\t\t\t\t<div class=\"elementor-element elementor-element-62c22270 elementor-widget elementor-widget-image\" data-id=\"62c22270\" data-element_type=\"widget\" data-widget_type=\"image.default\">\n\t\t\t\t<div class=\"elementor-widget-container\">\n\t\t\t\t\t\t\t\t\t\t\t\t\t\t\t<img decoding=\"async\" src=\"https:\/\/apaydinteknikservis.com.tr\/wp-content\/uploads\/elementor\/thumbs\/Adsiz-tasarim-r6gt089mws4hq75fbpbo83fitiowl7ngzizc9h52co.png\" title=\"Ads\u0131z tasar\u0131m\" alt=\"Ads\u0131z tasar\u0131m\" loading=\"lazy\" \/>\t\t\t\t\t\t\t\t\t\t\t\t\t\t\t<\/div>\n\t\t\t\t<\/div>\n\t\t\t\t\t<\/div>\n\t\t<\/div>\n\t\t\t\t<div class=\"elementor-column elementor-col-50 elementor-top-column elementor-element elementor-element-60d3a826\" data-id=\"60d3a826\" data-element_type=\"column\">\n\t\t\t<div class=\"elementor-widget-wrap elementor-element-populated\">\n\t\t\t\t\t\t<div class=\"elementor-element elementor-element-854a2bf wd-width-100 elementor-widget elementor-widget-wd_title\" data-id=\"854a2bf\" data-element_type=\"widget\" data-widget_type=\"wd_title.default\">\n\t\t\t\t<div class=\"elementor-widget-container\">\n\t\t\t\t\t\t\t<div class=\"title-wrapper set-mb-s reset-last-child wd-title-color-default wd-title-style-default wd-title-size-default text-left\">\n\n\t\t\t\n\t\t\t<div class=\"liner-continer\">\n\t\t\t\t<h4 class=\"woodmart-title-container title wd-fontsize-l\">S\u0131f\u0131r ve \u0130kinci El Kombi Sat\u0131\u015f\u0131<\/h4> \n\t\t\t\t\t\t\t<\/div>\n\n\t\t\t\t\t\t\t<div class=\"title-after_title set-cont-mb-s reset-last-child wd-fontsize-xs\">\n\t\t\t\t\t<p>Ya\u015fam alanlar\u0131n\u0131za konforlu bir iklimlendirme \u00e7\u00f6z\u00fcm\u00fc sunacak olan kombilerle s\u0131cak su ihtiyac\u0131n\u0131 kar\u015f\u0131lamak ya da \u0131s\u0131nmak hi\u00e7 olmad\u0131\u011f\u0131 kadar kolay ve rahat. Kullan\u0131ld\u0131\u011f\u0131 kadar \u00f6deme yapma avantaj\u0131 sayesinde tasarruflu da bir iklimlendirme \u00e7\u00f6z\u00fcm\u00fc olan kombiler; her mek\u00e2n\u0131n ihtiyac\u0131na uygun se\u00e7eneklerle be\u011fenilere sunuluyor. Siz de eviniz, i\u015fyeriniz ya da d\u00fckk\u00e2n\u0131n\u0131z i\u00e7in arad\u0131\u011f\u0131n\u0131z kombiye Apayd\u0131n kalitesiyle kolayca sahip olabilirsiniz.<\/p>\t\t\t\t<\/div>\n\t\t\t\t\t<\/div>\n\t\t\t\t\t\t<\/div>\n\t\t\t\t<\/div>\n\t\t\t\t\t<\/div>\n\t\t<\/div>\n\t\t\t\t\t<\/div>\n\t\t<\/section>\n\t\t\t\t<\/div>\n\t\t","protected":false},"excerpt":{"rendered":"<p>S\u0131f\u0131r ve \u0130kinci El Kombi Sat\u0131\u015f\u0131 Ya\u015fam alanlar\u0131n\u0131za konforlu bir iklimlendirme \u00e7\u00f6z\u00fcm\u00fc sunacak olan kombilerle s\u0131cak su ihtiyac\u0131n\u0131 kar\u015f\u0131lamak ya<\/p>\n","protected":false},"author":1,"featured_media":0,"parent":0,"menu_order":0,"comment_status":"closed","ping_status":"closed","template":"","meta":{"footnotes":""},"class_list":["post-27107","page","type-page","status-publish","hentry"],"_links":{"self":[{"href":"https:\/\/apaydinteknikservis.com.tr\/index.php\/wp-json\/wp\/v2\/pages\/27107","targetHints":{"allow":["GET"]}}],"collection":[{"href":"https:\/\/apaydinteknikservis.com.tr\/index.php\/wp-json\/wp\/v2\/pages"}],"about":[{"href":"https:\/\/apaydinteknikservis.com.tr\/index.php\/wp-json\/wp\/v2\/types\/page"}],"author":[{"embeddable":true,"href":"https:\/\/apaydinteknikservis.com.tr\/index.php\/wp-json\/wp\/v2\/users\/1"}],"replies":[{"embeddable":true,"href":"https:\/\/apaydinteknikservis.com.tr\/index.php\/wp-json\/wp\/v2\/comments?post=27107"}],"version-history":[{"count":14,"href":"https:\/\/apaydinteknikservis.com.tr\/index.php\/wp-json\/wp\/v2\/pages\/27107\/revisions"}],"predecessor-version":[{"id":27373,"href":"https:\/\/apaydinteknikservis.com.tr\/index.php\/wp-json\/wp\/v2\/pages\/27107\/revisions\/27373"}],"wp:attachment":[{"href":"https:\/\/apaydinteknikservis.com.tr\/index.php\/wp-json\/wp\/v2\/media?parent=27107"}],"curies":[{"name":"wp","href":"https:\/\/api.w.org\/{rel}","templated":true}]}}